{"id":276,"date":"2023-03-20T16:08:41","date_gmt":"2023-03-20T15:08:41","guid":{"rendered":"https:\/\/ladispensa.team99.it\/?page_id=276"},"modified":"2025-10-11T10:20:51","modified_gmt":"2025-10-11T08:20:51","slug":"contatti","status":"publish","type":"page","link":"https:\/\/la-dispensa.ch\/it\/contatti\/","title":{"rendered":"Contatti"},"content":{"rendered":"\t\t<div data-elementor-type=\"wp-page\" data-elementor-id=\"276\" class=\"elementor elementor-276\" data-elementor-post-type=\"page\">\n\t\t\t\t\t\t<section class=\"elementor-section elementor-top-section elementor-element elementor-element-deace1f elementor-section-height-min-height elementor-section-items-stretch mb-small elementor-section-boxed elementor-section-height-default\" data-id=\"deace1f\" data-element_type=\"section\" data-e-type=\"section\" id=\"contact_section\">\n\t\t\t\t\t\t<div class=\"elementor-container elementor-column-gap-no\">\n\t\t\t\t\t<div class=\"elementor-column elementor-col-33 elementor-top-column elementor-element elementor-element-e8f6f86\" data-id=\"e8f6f86\" data-element_type=\"column\" data-e-type=\"column\">\n\t\t\t<div class=\"elementor-widget-wrap elementor-element-populated\">\n\t\t\t\t\t\t<div class=\"elementor-element elementor-element-243c1c7 no_wrap font-size__sottotitolo contatti elementor-widget elementor-widget-rhye-widget-content-block\" data-id=\"243c1c7\" data-element_type=\"widget\" data-e-type=\"widget\" data-widget_type=\"rhye-widget-content-block.default\">\n\t\t\t\t<div class=\"elementor-widget-container\">\n\t\t\t\t\t\n\t\t<div class=\"section section-content clearfix  \" data-arts-os-animation=\"true\">\n\t\t\t\t\t\t<div class=\"section-content__inner\">\n\t\t\t\t\t\t\t\t\t<div class=\"section-content__wrapper-heading\">\n\t\t\t\t\t\t\t\t\t\t\t\t\t\t\t\t\t\t\t<div class=\"section-content__heading split-text js-split-text\" data-split-text-type=\"lines,words\" data-split-text-set=\"words\"><p>032 325 88 88<br \/><a href=\"mailto:reservation@la-dispensa.ch\">reservation@la-dispensa.ch<\/a><br \/>RUE DES BERCLES 3<br \/>2000 NEUCH\u00c2TEL<\/p><\/div>\n\t\t\t\t\t\t\t\t\t\t\t<\/div>\n\t\t\t\t\t\t\t\t\t\t\t\t\t\t\t<\/div>\n\t\t\t\t\t\t\t\t\t\t\t\t\t\t<\/div>\n\n\t\t\t\t\t\t<\/div>\n\t\t\t\t<\/div>\n\t\t\t\t\t<\/div>\n\t\t<\/div>\n\t\t\t\t<div class=\"elementor-column elementor-col-33 elementor-top-column elementor-element elementor-element-6f15ff7\" data-id=\"6f15ff7\" data-element_type=\"column\" data-e-type=\"column\">\n\t\t\t<div class=\"elementor-widget-wrap elementor-element-populated\">\n\t\t\t\t\t\t<div class=\"elementor-element elementor-element-69676c7 elementor-widget elementor-widget-rhye-widget-parallax-background\" data-id=\"69676c7\" data-element_type=\"widget\" data-e-type=\"widget\" data-widget_type=\"rhye-widget-parallax-background.default\">\n\t\t\t\t<div class=\"elementor-widget-container\">\n\t\t\t\t\t\n\t\t\t\t\t\t\t\t\t\t\t\t\t\t<div class=\"section section-image section text-center\" data-arts-os-animation=true>\n\t\t\t\t\t\t\t\t\t\t\t\t\t\t<div class=\"section-image__wrapper mask-reveal lazy-bg\" >\n\t\t\t\t\t\t\t\t\t\t\t\t\t<div class=\"mask-reveal__layer mask-reveal__layer-1\">\n\t\t\t\t\t\t<div class=\"mask-reveal__layer mask-reveal__layer-2\">\n\t\t\t\t\t\t\t\t\t\t\t\t\t\t\t\t\t\t<img fetchpriority=\"high\" decoding=\"async\" class=\"of-cover\" src=\"data:image\/png;base64,iVBORw0KGgoAAAANSUhEUgAAAAEAAAABCAQAAAHCGzyUAAAABGdBTUEAALGPC\/xhBQAAADhlWElmTU0AKgAAAAgAAYdpAAQAAAABAAAAGgAAAAAAAqACAAQAAAABAAAAAaADAAQAAAABAAAAAQAAAADa6r\/EAAAAC0lEQVQI12NolQQAASYAn89qhTcAAAAASUVORK5CYII=\" data-src=\"https:\/\/la-dispensa.ch\/wp-content\/uploads\/2025\/10\/DSF0032-scaled.jpg\" width=\"1920\" height=\"2560\"  data-srcset=\"https:\/\/la-dispensa.ch\/wp-content\/uploads\/2025\/10\/DSF0032-scaled.jpg 1920w, https:\/\/la-dispensa.ch\/wp-content\/uploads\/2025\/10\/DSF0032-225x300.jpg 225w, https:\/\/la-dispensa.ch\/wp-content\/uploads\/2025\/10\/DSF0032-768x1024.jpg 768w, https:\/\/la-dispensa.ch\/wp-content\/uploads\/2025\/10\/DSF0032-1152x1536.jpg 1152w, https:\/\/la-dispensa.ch\/wp-content\/uploads\/2025\/10\/DSF0032-1536x2048.jpg 1536w\"   data-sizes=\"(max-width: 1920px) 100vw, 1920px\"  alt=\"Table \u00e9l\u00e9gante du restaurant gastronomique La Dispensa \u00e0 Neuch\u00e2tel, dress\u00e9e pour deux personnes avec vaisselle artisanale, lumi\u00e8re naturelle et ambiance m\u00e9diterran\u00e9enne contemporaine.\" \/>\n\t\t\t\t\t\t\t\t\t\t\t\t\t\t\t\t\t\t\t\t\t\t\t\t\t\t\t\t\t\t\t\t\t\t<\/div>\n\t\t\t\t\t<\/div>\n\t\t\t\t\t\t\t\t<\/div>\n\t\t\t\t\t\t\t\t\t\t\t\t\t\t<\/div>\n\t\t\t\t\t\t\t\t\t\n\t\t\t\t\t\t<\/div>\n\t\t\t\t<\/div>\n\t\t\t\t<div class=\"elementor-element elementor-element-cb8c930 elementor-absolute elementor-widget elementor-widget-image\" data-id=\"cb8c930\" data-element_type=\"widget\" data-e-type=\"widget\" data-settings=\"{&quot;_position&quot;:&quot;absolute&quot;}\" data-widget_type=\"image.default\">\n\t\t\t\t<div class=\"elementor-widget-container\">\n\t\t\t\t\t\t\t\t\t\t\t\t\t\t\t<img decoding=\"async\" width=\"900\" height=\"747\" src=\"https:\/\/la-dispensa.ch\/wp-content\/uploads\/2023\/03\/bg_svg_gray.svg\" class=\"attachment-large size-large wp-image-291\" alt=\"\" \/>\t\t\t\t\t\t\t\t\t\t\t\t\t\t\t<\/div>\n\t\t\t\t<\/div>\n\t\t\t\t\t<\/div>\n\t\t<\/div>\n\t\t\t\t<div class=\"elementor-column elementor-col-33 elementor-top-column elementor-element elementor-element-2b6c225 bg-white pt-medium pb-medium\" data-id=\"2b6c225\" data-element_type=\"column\" data-e-type=\"column\" data-settings=\"{&quot;theme_section_color&quot;:&quot;bg-white&quot;,&quot;animation&quot;:&quot;none&quot;}\">\n\t\t\t<div class=\"elementor-widget-wrap elementor-element-populated\">\n\t\t\t\t\t\t<div class=\"elementor-element elementor-element-60481ef elementor-widget elementor-widget-rhye-widget-content-block\" data-id=\"60481ef\" data-element_type=\"widget\" data-e-type=\"widget\" data-widget_type=\"rhye-widget-content-block.default\">\n\t\t\t\t<div class=\"elementor-widget-container\">\n\t\t\t\t\t\n\t\t<div class=\"section section-content clearfix  pb-small\" data-arts-os-animation=\"true\">\n\t\t\t\t\t\t<div class=\"section-content__inner\">\n\t\t\t\t\t\t\t\t\t<div class=\"section-content__wrapper-heading\">\n\t\t\t\t\t\t\t\t\t\t\t\t\t\t\t\t\t\t\t<div class=\"section-content__heading split-text js-split-text\" data-split-text-type=\"lines,words\" data-split-text-set=\"words\"><h4>CONTATTACI PER RIMANERE INFORMATO !<\/h4><\/div>\n\t\t\t\t\t\t\t\t\t\t\t<\/div>\n\t\t\t\t\t\t\t\t\t\t\t\t\t\t\t<\/div>\n\t\t\t\t\t\t\t\t\t\t\t\t\t\t<\/div>\n\n\t\t\t\t\t\t<\/div>\n\t\t\t\t<\/div>\n\t\t\t\t<div class=\"elementor-element elementor-element-f6ea84b elementor-widget elementor-widget-formidable\" data-id=\"f6ea84b\" data-element_type=\"widget\" data-e-type=\"widget\" id=\"form_contatti\" data-widget_type=\"formidable.default\">\n\t\t\t\t<div class=\"elementor-widget-container\">\n\t\t\t\t\t<div class=\"frm_forms  with_frm_style frm_style_stile-di-formidable\" id=\"frm_form_1_container\" >\n<form enctype=\"multipart\/form-data\" method=\"post\" class=\"frm-show-form  frm_pro_form \" id=\"form_contact-form\" >\n<div class=\"frm_form_fields \">\n<fieldset>\n<legend class=\"frm_screen_reader\">Contact Us<\/legend>\r\n\r\n<div class=\"frm_fields_container\">\n<input type=\"hidden\" name=\"frm_action\" value=\"create\" \/>\n<input type=\"hidden\" name=\"form_id\" value=\"1\" \/>\n<input type=\"hidden\" name=\"frm_hide_fields_1\" id=\"frm_hide_fields_1\" value=\"\" \/>\n<input type=\"hidden\" name=\"form_key\" value=\"contact-form\" \/>\n<input type=\"hidden\" name=\"item_meta[0]\" value=\"\" \/>\n<input type=\"hidden\" id=\"frm_submit_entry_1\" name=\"frm_submit_entry_1\" value=\"c414acf2c9\" \/><input type=\"hidden\" name=\"_wp_http_referer\" value=\"\/it\/wp-json\/wp\/v2\/pages\/276\" \/><div id=\"frm_field_43_container\" class=\"frm_form_field form-field  frm_required_field frm_top_container\">\n\t<div  id=\"field_wvqb3_label\" class=\"frm_primary_label\">Nome\n\t\t<span class=\"frm_required\" aria-hidden=\"true\">*<\/span>\n\t<\/div>\n\t<fieldset aria-labelledby=\"field_wvqb3_label\">\n\t<legend class=\"frm_screen_reader frm_hidden\">\n\t\tNome\t<\/legend>\n\n\t<div  class=\"frm_combo_inputs_container\" id=\"frm_combo_inputs_container_43\" data-name-layout=\"first_last\">\n\t\t\t\t\t<div\n\t\t\t\tid=\"frm_field_43-first_container\"\n\t\t\t\tclass=\"frm_form_field form-field frm_form_subfield-first  frm6\"\n\t\t\t\tdata-sub-field-name=\"first\"\n\t\t\t>\n\t\t\t\t<label for=\"field_wvqb3_first\" class=\"frm_screen_reader frm_hidden\">\n\t\t\t\t\tNome\t\t\t\t<\/label>\n\n\t\t\t\t<input  type=\"text\" id=\"field_wvqb3_first\" value=\"\" name=\"item_meta[43][first]\" autocomplete=\"given-name\" data-reqmsg=\"Questo campo non pu\u00f2 essere vuoto.\" aria-required=\"true\" data-invmsg=\"Nome non \u00e8 valido\" aria-invalid=\"false\"  \/><div class=\"frm_description\" id=\"frm_field_43_first_desc\">Nome<\/div>\t\t\t<\/div>\n\t\t\t\t\t\t<div\n\t\t\t\tid=\"frm_field_43-last_container\"\n\t\t\t\tclass=\"frm_form_field form-field frm_form_subfield-last  frm6\"\n\t\t\t\tdata-sub-field-name=\"last\"\n\t\t\t>\n\t\t\t\t<label for=\"field_wvqb3_last\" class=\"frm_screen_reader frm_hidden\">\n\t\t\t\t\tCognome\t\t\t\t<\/label>\n\n\t\t\t\t<input  type=\"text\" id=\"field_wvqb3_last\" value=\"\" name=\"item_meta[43][last]\" autocomplete=\"family-name\" data-reqmsg=\"Questo campo non pu\u00f2 essere vuoto.\" aria-required=\"true\" data-invmsg=\"Nome non \u00e8 valido\" aria-invalid=\"false\"  \/><div class=\"frm_description\" id=\"frm_field_43_last_desc\">Cognome<\/div>\t\t\t<\/div>\n\t\t\t\t<\/div>\n<\/fieldset>\n\n\t\n\t\n<\/div>\n<div id=\"frm_field_44_container\" class=\"frm_form_field form-field  frm_top_container\">\n\t<label for=\"field_kt04j\" id=\"field_kt04j_label\" class=\"frm_primary_label\">Azienda\n\t\t<span class=\"frm_required\" aria-hidden=\"true\"><\/span>\n\t<\/label>\n\t<input  type=\"text\" id=\"field_kt04j\" name=\"item_meta[44]\" value=\"\"  data-invmsg=\"Azienda est non valide\" aria-invalid=\"false\"   \/>\n\t\n\t\n<\/div>\n<div id=\"frm_field_3_container\" class=\"frm_form_field form-field  frm_required_field frm_none_container frm_full\">\r\n    <label for=\"field_29yf4d\" id=\"field_29yf4d_label\" class=\"frm_primary_label\">Email\r\n        <span class=\"frm_required\" aria-hidden=\"true\">*<\/span>\r\n    <\/label>\r\n    <input type=\"email\" id=\"field_29yf4d\" name=\"item_meta[3]\" value=\"\"  placeholder=\"Mail\" data-reqmsg=\"Questo campo non pu\u00f2 essere vuoto.\" aria-required=\"true\" data-invmsg=\"Please enter a valid email address\" aria-invalid=\"false\"  \/>\r\n    \r\n    \r\n<\/div>\n<div id=\"frm_field_5_container\" class=\"frm_form_field form-field  frm_required_field frm_none_container frm_full\">\r\n    <label for=\"field_9jv0r1\" id=\"field_9jv0r1_label\" class=\"frm_primary_label\">Messagio\r\n        <span class=\"frm_required\" aria-hidden=\"true\">*<\/span>\r\n    <\/label>\r\n    <textarea name=\"item_meta[5]\" id=\"field_9jv0r1\" rows=\"5\"  placeholder=\"Messaggio\" data-reqmsg=\"Questo campo non pu\u00f2 essere vuoto.\" aria-required=\"true\" data-invmsg=\"Messagio est non valide\" aria-invalid=\"false\"  ><\/textarea>\r\n    \r\n    \r\n<\/div>\n<div id=\"frm_field_24_container\" class=\"frm_form_field form-field  frm_required_field frm_top_container vertical_radio\">\r\n    <div  id=\"field_l5dt5_label\" class=\"frm_primary_label\">\r\n        <span class=\"frm_required\" aria-hidden=\"true\">*<\/span>\r\n    <\/div>\r\n    <div class=\"frm_opt_container\" aria-labelledby=\"field_l5dt5_label\" role=\"group\">\t\t<div class=\"frm_checkbox\" id=\"frm_checkbox_24-0\">\t\t\t<label  for=\"field_l5dt5-0\">\n\t\t\t<input type=\"checkbox\" name=\"item_meta[24][]\" id=\"field_l5dt5-0\" value=\"Dichiaro di aver preso visione dell\u2019<a href=&quot;\/it\/privacy-policy&quot;>informativa privacy<\/a> ed acconsento al trattamento dei dati per il fine indicato in questa pagina.\"  data-reqmsg=\"Questo campo non pu\u00f2 essere vuoto.\" data-invmsg=\"Questo campo est non valide\"   aria-required=\"true\"  \/> Dichiaro di aver preso visione dell\u2019<a href=\"\/it\/privacy-policy\">informativa privacy<\/a> ed acconsento al trattamento dei dati per il fine indicato in questa pagina.<\/label><\/div>\n<\/div>\r\n    \r\n    \r\n<\/div>\n<div id=\"frm_field_42_container\" class=\"frm_form_field form-field \">\n\t<div class=\"frm_submit\">\r\n\r\n<button class=\"frm_button_submit frm_final_submit\" type=\"submit\"   formnovalidate=\"formnovalidate\">Invia<\/button>\r\n\r\n\r\n<\/div>\n<\/div>\n\t<input type=\"hidden\" name=\"item_key\" value=\"\" \/>\n\t\t\t<div id=\"frm_field_45_container\">\n\t\t\t<label for=\"field_t6wms\" >\n\t\t\t\tSe sei un essere umano, lascia questo campo vuoto.\t\t\t<\/label>\n\t\t\t<input  id=\"field_t6wms\" type=\"text\" class=\"frm_form_field form-field frm_verify\" name=\"item_meta[45]\" value=\"\"  \/>\n\t\t<\/div>\n\t\t<input name=\"frm_state\" type=\"hidden\" value=\"q8Q7tUgr3d0ic033aK4cnczLtm9pMIuuqtHmyXm4F904bxAF811CER1ntQrH8I7q\" \/><\/div>\n<\/fieldset>\n<\/div>\n\n<\/form>\n<\/div>\n\t\t\t\t<\/div>\n\t\t\t\t<\/div>\n\t\t\t\t\t<\/div>\n\t\t<\/div>\n\t\t\t\t\t<\/div>\n\t\t<\/section>\n\t\t\t\t<section class=\"elementor-section elementor-top-section elementor-element elementor-element-657470c elementor-section-boxed elementor-section-height-default elementor-section-height-default\" data-id=\"657470c\" data-element_type=\"section\" data-e-type=\"section\">\n\t\t\t\t\t\t<div class=\"elementor-container elementor-column-gap-default\">\n\t\t\t\t\t<div class=\"elementor-column elementor-col-100 elementor-top-column elementor-element elementor-element-370ef8b\" data-id=\"370ef8b\" data-element_type=\"column\" data-e-type=\"column\">\n\t\t\t<div class=\"elementor-widget-wrap elementor-element-populated\">\n\t\t\t\t\t\t<div class=\"elementor-element elementor-element-20436a5 elementor-widget elementor-widget-spacer\" data-id=\"20436a5\" data-element_type=\"widget\" data-e-type=\"widget\" data-widget_type=\"spacer.default\">\n\t\t\t\t<div class=\"elementor-widget-container\">\n\t\t\t\t\t\t\t<div class=\"elementor-spacer\">\n\t\t\t<div class=\"elementor-spacer-inner\"><\/div>\n\t\t<\/div>\n\t\t\t\t\t\t<\/div>\n\t\t\t\t<\/div>\n\t\t\t\t\t<\/div>\n\t\t<\/div>\n\t\t\t\t\t<\/div>\n\t\t<\/section>\n\t\t\t\t<\/div>\n\t\t","protected":false},"excerpt":{"rendered":"<p>032 325 88 88reservation@la-dispensa.chRUE DES BERCLES 32000 NEUCH\u00c2TEL CONTATTACI PER RIMANERE INFORMATO ! Contact Us Nome * Nome Nome Nome Cognome Cognome Azienda Email * Messagio * * Dichiaro di aver preso visione dell\u2019informativa privacy ed acconsento al trattamento dei dati per il fine indicato in questa pagina. Invia Si vous \u00eates un humain, ne [&hellip;]<\/p>\n","protected":false},"author":2,"featured_media":4358,"parent":0,"menu_order":0,"comment_status":"closed","ping_status":"closed","template":"","meta":{"_acf_changed":false,"footnotes":""},"class_list":["post-276","page","type-page","status-publish","has-post-thumbnail","hentry"],"acf":[],"yoast_head":"<!-- This site is optimized with the Yoast SEO plugin v27.5 - https:\/\/yoast.com\/product\/yoast-seo-wordpress\/ -->\n<title>Contatti - La Dispensa<\/title>\n<meta name=\"robots\" content=\"index, follow, max-snippet:-1, max-image-preview:large, max-video-preview:-1\" \/>\n<link rel=\"canonical\" href=\"https:\/\/la-dispensa.ch\/it\/contatti\/\" \/>\n<meta property=\"og:locale\" content=\"it_IT\" \/>\n<meta property=\"og:type\" content=\"article\" \/>\n<meta property=\"og:title\" content=\"Contatti - La Dispensa\" \/>\n<meta property=\"og:description\" content=\"032 325 88 88reservation@la-dispensa.chRUE DES BERCLES 32000 NEUCH\u00c2TEL CONTATTACI PER RIMANERE INFORMATO ! Contact Us Nome * Nome Nome Nome Cognome Cognome Azienda Email * Messagio * * Dichiaro di aver preso visione dell\u2019informativa privacy ed acconsento al trattamento dei dati per il fine indicato in questa pagina. Invia Si vous \u00eates un humain, ne [&hellip;]\" \/>\n<meta property=\"og:url\" content=\"https:\/\/la-dispensa.ch\/it\/contatti\/\" \/>\n<meta property=\"og:site_name\" content=\"La Dispensa\" \/>\n<meta property=\"article:publisher\" content=\"https:\/\/www.facebook.com\/ladispensane\" \/>\n<meta property=\"article:modified_time\" content=\"2025-10-11T08:20:51+00:00\" \/>\n<meta property=\"og:image\" content=\"https:\/\/la-dispensa.ch\/wp-content\/uploads\/2025\/10\/DSF0024-scaled.jpg\" \/>\n\t<meta property=\"og:image:width\" content=\"2560\" \/>\n\t<meta property=\"og:image:height\" content=\"1920\" \/>\n\t<meta property=\"og:image:type\" content=\"image\/jpeg\" \/>\n<meta name=\"twitter:card\" content=\"summary_large_image\" \/>\n<meta name=\"twitter:label1\" content=\"Tempo di lettura stimato\" \/>\n\t<meta name=\"twitter:data1\" content=\"1 minuto\" \/>\n<script type=\"application\/ld+json\" class=\"yoast-schema-graph\">{\"@context\":\"https:\\\/\\\/schema.org\",\"@graph\":[{\"@type\":\"WebPage\",\"@id\":\"https:\\\/\\\/la-dispensa.ch\\\/it\\\/contatti\\\/\",\"url\":\"https:\\\/\\\/la-dispensa.ch\\\/it\\\/contatti\\\/\",\"name\":\"Contatti - La Dispensa\",\"isPartOf\":{\"@id\":\"https:\\\/\\\/la-dispensa.ch\\\/it\\\/#website\"},\"primaryImageOfPage\":{\"@id\":\"https:\\\/\\\/la-dispensa.ch\\\/it\\\/contatti\\\/#primaryimage\"},\"image\":{\"@id\":\"https:\\\/\\\/la-dispensa.ch\\\/it\\\/contatti\\\/#primaryimage\"},\"thumbnailUrl\":\"https:\\\/\\\/la-dispensa.ch\\\/wp-content\\\/uploads\\\/2025\\\/10\\\/DSF0024-scaled.jpg\",\"datePublished\":\"2023-03-20T15:08:41+00:00\",\"dateModified\":\"2025-10-11T08:20:51+00:00\",\"breadcrumb\":{\"@id\":\"https:\\\/\\\/la-dispensa.ch\\\/it\\\/contatti\\\/#breadcrumb\"},\"inLanguage\":\"it-IT\",\"potentialAction\":[{\"@type\":\"ReadAction\",\"target\":[\"https:\\\/\\\/la-dispensa.ch\\\/it\\\/contatti\\\/\"]}]},{\"@type\":\"ImageObject\",\"inLanguage\":\"it-IT\",\"@id\":\"https:\\\/\\\/la-dispensa.ch\\\/it\\\/contatti\\\/#primaryimage\",\"url\":\"https:\\\/\\\/la-dispensa.ch\\\/wp-content\\\/uploads\\\/2025\\\/10\\\/DSF0024-scaled.jpg\",\"contentUrl\":\"https:\\\/\\\/la-dispensa.ch\\\/wp-content\\\/uploads\\\/2025\\\/10\\\/DSF0024-scaled.jpg\",\"width\":2560,\"height\":1920,\"caption\":\"Bar du restaurant gastronomique La Dispensa \u00e0 Neuch\u00e2tel, comptoir en cuivre, chaises design, \u00e9tag\u00e8res de spiritueux italiens et ambiance contemporaine chaleureuse.\"},{\"@type\":\"BreadcrumbList\",\"@id\":\"https:\\\/\\\/la-dispensa.ch\\\/it\\\/contatti\\\/#breadcrumb\",\"itemListElement\":[{\"@type\":\"ListItem\",\"position\":1,\"name\":\"Accueil\",\"item\":\"https:\\\/\\\/la-dispensa.ch\\\/it\\\/\"},{\"@type\":\"ListItem\",\"position\":2,\"name\":\"Contatti\"}]},{\"@type\":\"WebSite\",\"@id\":\"https:\\\/\\\/la-dispensa.ch\\\/it\\\/#website\",\"url\":\"https:\\\/\\\/la-dispensa.ch\\\/it\\\/\",\"name\":\"La Dispensa\",\"description\":\"\",\"publisher\":{\"@id\":\"https:\\\/\\\/la-dispensa.ch\\\/it\\\/#organization\"},\"potentialAction\":[{\"@type\":\"SearchAction\",\"target\":{\"@type\":\"EntryPoint\",\"urlTemplate\":\"https:\\\/\\\/la-dispensa.ch\\\/it\\\/?s={search_term_string}\"},\"query-input\":{\"@type\":\"PropertyValueSpecification\",\"valueRequired\":true,\"valueName\":\"search_term_string\"}}],\"inLanguage\":\"it-IT\"},{\"@type\":\"Organization\",\"@id\":\"https:\\\/\\\/la-dispensa.ch\\\/it\\\/#organization\",\"name\":\"La Dispensa\",\"url\":\"https:\\\/\\\/la-dispensa.ch\\\/it\\\/\",\"logo\":{\"@type\":\"ImageObject\",\"inLanguage\":\"it-IT\",\"@id\":\"https:\\\/\\\/la-dispensa.ch\\\/it\\\/#\\\/schema\\\/logo\\\/image\\\/\",\"url\":\"https:\\\/\\\/la-dispensa.ch\\\/wp-content\\\/uploads\\\/2026\\\/02\\\/16.png\",\"contentUrl\":\"https:\\\/\\\/la-dispensa.ch\\\/wp-content\\\/uploads\\\/2026\\\/02\\\/16.png\",\"width\":2380,\"height\":2380,\"caption\":\"La Dispensa\"},\"image\":{\"@id\":\"https:\\\/\\\/la-dispensa.ch\\\/it\\\/#\\\/schema\\\/logo\\\/image\\\/\"},\"sameAs\":[\"https:\\\/\\\/www.facebook.com\\\/ladispensane\",\"https:\\\/\\\/www.instagram.com\\\/ladispensa.ch\"]}]}<\/script>\n<!-- \/ Yoast SEO plugin. -->","yoast_head_json":{"title":"Contatti - La Dispensa","robots":{"index":"index","follow":"follow","max-snippet":"max-snippet:-1","max-image-preview":"max-image-preview:large","max-video-preview":"max-video-preview:-1"},"canonical":"https:\/\/la-dispensa.ch\/it\/contatti\/","og_locale":"it_IT","og_type":"article","og_title":"Contatti - La Dispensa","og_description":"032 325 88 88reservation@la-dispensa.chRUE DES BERCLES 32000 NEUCH\u00c2TEL CONTATTACI PER RIMANERE INFORMATO ! Contact Us Nome * Nome Nome Nome Cognome Cognome Azienda Email * Messagio * * Dichiaro di aver preso visione dell\u2019informativa privacy ed acconsento al trattamento dei dati per il fine indicato in questa pagina. Invia Si vous \u00eates un humain, ne [&hellip;]","og_url":"https:\/\/la-dispensa.ch\/it\/contatti\/","og_site_name":"La Dispensa","article_publisher":"https:\/\/www.facebook.com\/ladispensane","article_modified_time":"2025-10-11T08:20:51+00:00","og_image":[{"width":2560,"height":1920,"url":"https:\/\/la-dispensa.ch\/wp-content\/uploads\/2025\/10\/DSF0024-scaled.jpg","type":"image\/jpeg"}],"twitter_card":"summary_large_image","twitter_misc":{"Tempo di lettura stimato":"1 minuto"},"schema":{"@context":"https:\/\/schema.org","@graph":[{"@type":"WebPage","@id":"https:\/\/la-dispensa.ch\/it\/contatti\/","url":"https:\/\/la-dispensa.ch\/it\/contatti\/","name":"Contatti - La Dispensa","isPartOf":{"@id":"https:\/\/la-dispensa.ch\/it\/#website"},"primaryImageOfPage":{"@id":"https:\/\/la-dispensa.ch\/it\/contatti\/#primaryimage"},"image":{"@id":"https:\/\/la-dispensa.ch\/it\/contatti\/#primaryimage"},"thumbnailUrl":"https:\/\/la-dispensa.ch\/wp-content\/uploads\/2025\/10\/DSF0024-scaled.jpg","datePublished":"2023-03-20T15:08:41+00:00","dateModified":"2025-10-11T08:20:51+00:00","breadcrumb":{"@id":"https:\/\/la-dispensa.ch\/it\/contatti\/#breadcrumb"},"inLanguage":"it-IT","potentialAction":[{"@type":"ReadAction","target":["https:\/\/la-dispensa.ch\/it\/contatti\/"]}]},{"@type":"ImageObject","inLanguage":"it-IT","@id":"https:\/\/la-dispensa.ch\/it\/contatti\/#primaryimage","url":"https:\/\/la-dispensa.ch\/wp-content\/uploads\/2025\/10\/DSF0024-scaled.jpg","contentUrl":"https:\/\/la-dispensa.ch\/wp-content\/uploads\/2025\/10\/DSF0024-scaled.jpg","width":2560,"height":1920,"caption":"Bar du restaurant gastronomique La Dispensa \u00e0 Neuch\u00e2tel, comptoir en cuivre, chaises design, \u00e9tag\u00e8res de spiritueux italiens et ambiance contemporaine chaleureuse."},{"@type":"BreadcrumbList","@id":"https:\/\/la-dispensa.ch\/it\/contatti\/#breadcrumb","itemListElement":[{"@type":"ListItem","position":1,"name":"Accueil","item":"https:\/\/la-dispensa.ch\/it\/"},{"@type":"ListItem","position":2,"name":"Contatti"}]},{"@type":"WebSite","@id":"https:\/\/la-dispensa.ch\/it\/#website","url":"https:\/\/la-dispensa.ch\/it\/","name":"La Dispensa","description":"","publisher":{"@id":"https:\/\/la-dispensa.ch\/it\/#organization"},"potentialAction":[{"@type":"SearchAction","target":{"@type":"EntryPoint","urlTemplate":"https:\/\/la-dispensa.ch\/it\/?s={search_term_string}"},"query-input":{"@type":"PropertyValueSpecification","valueRequired":true,"valueName":"search_term_string"}}],"inLanguage":"it-IT"},{"@type":"Organization","@id":"https:\/\/la-dispensa.ch\/it\/#organization","name":"La Dispensa","url":"https:\/\/la-dispensa.ch\/it\/","logo":{"@type":"ImageObject","inLanguage":"it-IT","@id":"https:\/\/la-dispensa.ch\/it\/#\/schema\/logo\/image\/","url":"https:\/\/la-dispensa.ch\/wp-content\/uploads\/2026\/02\/16.png","contentUrl":"https:\/\/la-dispensa.ch\/wp-content\/uploads\/2026\/02\/16.png","width":2380,"height":2380,"caption":"La Dispensa"},"image":{"@id":"https:\/\/la-dispensa.ch\/it\/#\/schema\/logo\/image\/"},"sameAs":["https:\/\/www.facebook.com\/ladispensane","https:\/\/www.instagram.com\/ladispensa.ch"]}]}},"_links":{"self":[{"href":"https:\/\/la-dispensa.ch\/it\/wp-json\/wp\/v2\/pages\/276","targetHints":{"allow":["GET"]}}],"collection":[{"href":"https:\/\/la-dispensa.ch\/it\/wp-json\/wp\/v2\/pages"}],"about":[{"href":"https:\/\/la-dispensa.ch\/it\/wp-json\/wp\/v2\/types\/page"}],"author":[{"embeddable":true,"href":"https:\/\/la-dispensa.ch\/it\/wp-json\/wp\/v2\/users\/2"}],"replies":[{"embeddable":true,"href":"https:\/\/la-dispensa.ch\/it\/wp-json\/wp\/v2\/comments?post=276"}],"version-history":[{"count":193,"href":"https:\/\/la-dispensa.ch\/it\/wp-json\/wp\/v2\/pages\/276\/revisions"}],"predecessor-version":[{"id":4440,"href":"https:\/\/la-dispensa.ch\/it\/wp-json\/wp\/v2\/pages\/276\/revisions\/4440"}],"wp:featuredmedia":[{"embeddable":true,"href":"https:\/\/la-dispensa.ch\/it\/wp-json\/wp\/v2\/media\/4358"}],"wp:attachment":[{"href":"https:\/\/la-dispensa.ch\/it\/wp-json\/wp\/v2\/media?parent=276"}],"curies":[{"name":"wp","href":"https:\/\/api.w.org\/{rel}","templated":true}]}}